{"id":28,"date":"2018-10-30T16:10:43","date_gmt":"2018-10-30T15:10:43","guid":{"rendered":"http:\/\/www.coibent.it\/?page_id=28"},"modified":"2018-12-17T19:32:48","modified_gmt":"2018-12-17T18:32:48","slug":"chi-siamo","status":"publish","type":"page","link":"http:\/\/www.coibent.it\/it\/chi-siamo\/","title":{"rendered":"Chi Siamo"},"content":{"rendered":"<p>Coibent Plastic \u00e8 azienda certificata ISO 9001:2015.<br \/>\nGrazie all&#8217;esperienza maturata in oltre 45 anni d\u2019attivit\u00e0 nel settore delle coibentazioni e dell\u2019impiantistica, \u00e8 in grado di proporre ed attuare sempre nuove soluzioni con elevati<br \/>\nstandards professionali e qualitativi.<\/p>\n<p>Coibent Plastic, con la sua struttura tecnica costituita da personale altamente qualificato, \u00e8 in grado di gestire problem solving e d\u2019intervenire con efficienza, elasticit\u00e0 e dinamismo<br \/>\ngrazie alla specializzazione della sua struttura logistica, vantando spiccate capacit\u00e0 di gestione dei processi di Solution Providing, grande reattivit\u00e0 alle esigenze dei clienti, metodologie<br \/>\ne strumenti per migliorare il Customer Care.<\/p>\n<h2>La Nostra Forza<\/h2>\n<p>Grazie all\u2019esperienza maturata in oltre 45 anni d\u2019attivit\u00e0 e all\u2019impronta artigianale che la caratterizza, Coibent Plastic si propone come un partner ideale in grado di offrire le soluzioni impiantistiche pi\u00f9 adeguate in base alle specifiche esigenze del Cliente, garantendo in questo modo estrema flessibilit\u00e0, rapidit\u00e0 nelle risposte e costi contenuti<br \/>\nProgettazione di impianti termotecnici, idrici e sanitari, la loro realizzazione, installazione, collaudo e assistenza post-vendita sono caratteristiche che l&#8217;azienda evidenzia nel settore impiantistico senza tuttavia rinunciare all&#8217;arredamento, alle coibentazioni in classe e alle pavimentazioni.<\/p>\n<h2>La nostra storia\u2026.<\/h2>\n<p>La Coibent Plastic srl nasce nel 1973 specializzandosi nel settore del freddo (impianti ad ammoniaca) e delle isolazioni e pavimentazioni industriali e nella costruzione di celle frigorifere per conto di primari Committenti quali Dall\u2019Orto, Samifi, ecc.<\/p>\n<p>Dal 1974 \u00e8 attiva nel settore delle isolazioni e dei rivestimenti di serbatoi e impianti biogas per clienti quali Giza, poi Agip Giza ecc. per i quali ha rivestito a lungo, in queste lavorazioni, la posizione di fornitore preferenziale.<\/p>\n<p>Nel 1993 l\u2019azienda amplia il proprio campo di lavoro specializzandosi nel settore della fabbricazione e montaggio di condotte ed accessori per impianti di riscaldamento, ventilazione e condizionamento (HVAC) in campo civile, industriale e navale.<br \/>\nE\u2019 da tale data che si trasforma da impresa familiare in societ\u00e0 in nome collettivo con un organico altamente specializzato.<\/p>\n<p>Dal 1996 si specializza nella progettazione, fabbricazione ed installazione di Centrali di trattamento aria (CTA) ed apparecchiature correlate per usi civili, industriali e navali.<\/p>\n<p>Oggi la gamma di prodotti e servizi si \u00e8 espansa comprendendo la progettazione e costruzione su commessa di Gruppi per la produzione di acqua refrigerata (Chiller), Roof Top, Autoclavi, Unit\u00e0 di condizionamento, Boiler per la realizzazione d\u2019impianti di riscaldamento completi, destinati al settore navale, industriale ed Oil&amp;Gas.<\/p>\n<p>Dal 2005 Coibent Plastic adotta un sistema di qualit\u00e0 certificata UNI EN ISO 9001 per i campi di attivit\u00e0 in cui opera.<\/p>\n<p>La ultra decennale collaborazione con i cantieri navali ROSETTI S.P.A. di Ravenna ha consentito al Gruppo di vantare la propria presenza sulla realizzazione di molteplici tipologie di navi e costruzioni destinate al settore Oil&amp;Gas.<\/p>\n","protected":false},"excerpt":{"rendered":"<p> [&hellip;]<\/p>\n","protected":false},"author":1,"featured_media":0,"parent":0,"menu_order":10,"comment_status":"closed","ping_status":"closed","template":"","meta":[],"_links":{"self":[{"href":"http:\/\/www.coibent.it\/it\/wp-json\/wp\/v2\/pages\/28"}],"collection":[{"href":"http:\/\/www.coibent.it\/it\/wp-json\/wp\/v2\/pages"}],"about":[{"href":"http:\/\/www.coibent.it\/it\/wp-json\/wp\/v2\/types\/page"}],"author":[{"embeddable":true,"href":"http:\/\/www.coibent.it\/it\/wp-json\/wp\/v2\/users\/1"}],"replies":[{"embeddable":true,"href":"http:\/\/www.coibent.it\/it\/wp-json\/wp\/v2\/comments?post=28"}],"version-history":[{"count":7,"href":"http:\/\/www.coibent.it\/it\/wp-json\/wp\/v2\/pages\/28\/revisions"}],"predecessor-version":[{"id":495,"href":"http:\/\/www.coibent.it\/it\/wp-json\/wp\/v2\/pages\/28\/revisions\/495"}],"wp:attachment":[{"href":"http:\/\/www.coibent.it\/it\/wp-json\/wp\/v2\/media?parent=28"}],"curies":[{"name":"wp","href":"https:\/\/api.w.org\/{rel}","templated":true}]}}