{"id":283,"date":"2018-12-14T11:05:20","date_gmt":"2018-12-14T10:05:20","guid":{"rendered":"http:\/\/www.coibent.it\/?page_id=283"},"modified":"2019-01-02T16:45:50","modified_gmt":"2019-01-02T15:45:50","slug":"split-system-units","status":"publish","type":"page","link":"https:\/\/www.coibent.it\/it\/soluzioni\/split-system-units\/","title":{"rendered":"Unit\u00e0 di Condizionamento SPLIT"},"content":{"rendered":"\n\t\t<style type=\"text\/css\">\n\t\t\t#gallery-1 {\n\t\t\t\tmargin: auto;\n\t\t\t}\n\t\t\t#gallery-1 .gallery-item {\n\t\t\t\tfloat: left;\n\t\t\t\tmargin-top: 10px;\n\t\t\t\ttext-align: center;\n\t\t\t\twidth: 100%;\n\t\t\t}\n\t\t\t#gallery-1 img {\n\t\t\t\tborder: 2px solid #cfcfcf;\n\t\t\t}\n\t\t\t#gallery-1 .gallery-caption {\n\t\t\t\tmargin-left: 0;\n\t\t\t}\n\t\t\t\/* see gallery_shortcode() in wp-includes\/media.php *\/\n\t\t<\/style>\n\t\t<div id='gallery-1' class='gallery galleryid-283 gallery-columns-1 gallery-size-medium'><dl class='gallery-item'>\n\t\t\t<dt class='gallery-icon landscape'>\n\t\t\t\t<a href='https:\/\/www.coibent.it\/wp-content\/uploads\/2019\/01\/Spli-system-abuqir-1-1024x768.jpg'><img width=\"300\" height=\"225\" src=\"https:\/\/www.coibent.it\/wp-content\/uploads\/2019\/01\/Spli-system-abuqir-1-300x225.jpg\" class=\"attachment-medium size-medium\" alt=\"\" decoding=\"async\" loading=\"lazy\" aria-describedby=\"gallery-1-1162\" srcset=\"https:\/\/www.coibent.it\/wp-content\/uploads\/2019\/01\/Spli-system-abuqir-1-300x225.jpg 300w, https:\/\/www.coibent.it\/wp-content\/uploads\/2019\/01\/Spli-system-abuqir-1-768x576.jpg 768w, https:\/\/www.coibent.it\/wp-content\/uploads\/2019\/01\/Spli-system-abuqir-1-1024x768.jpg 1024w\" sizes=\"(max-width: 300px) 100vw, 300px\" \/><\/a>\n\t\t\t<\/dt>\n\t\t\t\t<dd class='wp-caption-text gallery-caption' id='gallery-1-1162'>\n\t\t\t\tUnit\u00e0 interna + unit\u00e0 esterna ATEX condensata ad aria\n\t\t\t\t<\/dd><\/dl><br style=\"clear: both\" \/>\n\t\t<\/div>\n\n<h2>BLU SYSTEM \u2013 FCU<\/h2>\n<p>Sistemi SPLIT, ad espansione diretta, per impianti HVAC costruiti su specifica richiesta, in grado di soddisfare qualsiasi requisito di progetto.<br \/>\nIl sistema tradizionale si divide in due unit\u00e0: No.1 unit\u00e0 evaporante (installata all\u2019interno del locale servito) e No.1 unit\u00e0 condensante esterna.<\/p>\n<p>Il compressore pu\u00f2 essere installato, in funzione dei requisiti di progetto, sia nell\u2019unit\u00e0 evaporante sia all\u2019interno dell\u2019unit\u00e0 condensante. Allo stesso modo il quadro elettrico di controllo pu\u00f2 essere integrato nell\u2019unit\u00e0 evaporante, nell\u2019unit\u00e0 condensante o, come terza alternativa, fornito a parte (per installazioni remote).<\/p>\n<p>Il controllo della temperatura avviene tramite un termostato ambiente o un sensore di temperatura installato direttamente sulla griglia di ingresso aria, prima dell\u2019evaporatore.<\/p>\n<p>L\u2019interfaccia utente \u00e8 di facile utilizzo e la semplice architettura del sistema lo rende particolarmente affidabile nel controllo automatico della temperatura.<br \/>\nPer esigenze particolari o problemi di spazio \u00e8 inoltre possibile dividere l\u2019impianto in tre unit\u00e0: No.1 unit\u00e0 evaporante, No.1 unit\u00e0 compressore, No.1 unit\u00e0 condensante.<\/p>\n<p>L\u2019unit\u00e0 condensante viene progettata per operare in ambienti con temperature massime fino a +45\u00b0C, su richiesta \u00e8 possibile progettare l\u2019impianto per temperature di lavoro fino a +50\u00b0C.<\/p>\n<p>In caso di installazioni in atmosfere pericolose (ATEX, derivato da ATmosphere EXplosive), l\u2019unit\u00e0 condensante viene progettata e costruita utilizzando componenti certificati per Zona 1 o Zona 2.<\/p>\n<p>Sia l\u2019evaporatore, sia il condensatore possono essere costruiti in tubi di rame\/alette in alluminio o tubi rame\/alette in rame. Diversi livelli di protezione aggiuntiva come stagnatura, pitture poliuretaniche, ecc., sono disponibili su richiesta.<\/p>\n<p>Su richiesta il condensatore pu\u00f2 essere condensato ad acqua (disponibile anche per acqua mare).<\/p>\n<h3>RANGE DI POTENZA:<\/h3>\n<p>Sistema consigliato per potenze frigorifere comprese tra 5Kw e 25Kw.<\/p>\n<h3>CARATTERISTICHE PRINCIPALI:<\/h3>\n<ul>\n<li>Alimentazione elettrica totalmente personalizzabile.<\/li>\n<li>Possibilit\u00e0 di esecuzione con molteplici tipologie di gas refrigerante.<\/li>\n<li>Evaporatore e condensatore disponibili in acciaio inossidabile (AISI 304 o 316L) per un\u2019ottima resistenza alla corrosione.<\/li>\n<li>Possibilit\u00e0 di costruzione per zone ATEX 1 e 2 (2G e 3G).<\/li>\n<li>Dispositivi di sicurezza e controllo completamente integrati.<\/li>\n<li>Possibilit\u00e0 di remotare comandi e segnali.<\/li>\n<li>Sistema automatico di controllo temperatura estremamente affidabile.<\/li>\n<li>Possibilit\u00e0 di richiedere qualsiasi tipo di customizzazione.<\/li>\n<\/ul>\n<h3>STANDARD DI PROGETTAZIONE:<\/h3>\n<ul>\n<li>Direttiva 2006\/42\/CE (EU Direttiva Macchine)<\/li>\n<li>Direttiva 2014\/35\/UE (Direttiva bassa tensione)<\/li>\n<li>Direttiva 2014\/30\/UE (EMC Compatibilit\u00e0 Elettromagnetica)<\/li>\n<li>Direttiva 2014\/68\/UE (Direttiva PED)<\/li>\n<li>Direttiva 2014\/34\/UE (Direttiva ATEX)<\/li>\n<li>EN 378-2<\/li>\n<\/ul>\n<h3>SETTORI:<\/h3>\n<ul>\n<li>Navale<\/li>\n<li>Oil &amp; Gas<\/li>\n<li>Industriale<\/li>\n<\/ul>\n<h3>APPLICAZIONI:<\/h3>\n<ul>\n<li>Sale Quadri elettrici;<\/li>\n<li>Sale Controllo;<\/li>\n<li>Locali Machine in genere;<\/li>\n<li>Officine;<\/li>\n<li>In affiancamento a sistemi esistenti per aumentare la capacit\u00e0 richiesta;<\/li>\n<li>\u00a0Sistema di emergenza in caso di black-out del sistema principale<\/li>\n<\/ul>\n","protected":false},"excerpt":{"rendered":"<p> [&hellip;]<\/p>\n","protected":false},"author":1,"featured_media":0,"parent":76,"menu_order":90,"comment_status":"closed","ping_status":"closed","template":"","meta":[],"_links":{"self":[{"href":"https:\/\/www.coibent.it\/it\/wp-json\/wp\/v2\/pages\/283"}],"collection":[{"href":"https:\/\/www.coibent.it\/it\/wp-json\/wp\/v2\/pages"}],"about":[{"href":"https:\/\/www.coibent.it\/it\/wp-json\/wp\/v2\/types\/page"}],"author":[{"embeddable":true,"href":"https:\/\/www.coibent.it\/it\/wp-json\/wp\/v2\/users\/1"}],"replies":[{"embeddable":true,"href":"https:\/\/www.coibent.it\/it\/wp-json\/wp\/v2\/comments?post=283"}],"version-history":[{"count":4,"href":"https:\/\/www.coibent.it\/it\/wp-json\/wp\/v2\/pages\/283\/revisions"}],"predecessor-version":[{"id":783,"href":"https:\/\/www.coibent.it\/it\/wp-json\/wp\/v2\/pages\/283\/revisions\/783"}],"up":[{"embeddable":true,"href":"https:\/\/www.coibent.it\/it\/wp-json\/wp\/v2\/pages\/76"}],"wp:attachment":[{"href":"https:\/\/www.coibent.it\/it\/wp-json\/wp\/v2\/media?parent=283"}],"curies":[{"name":"wp","href":"https:\/\/api.w.org\/{rel}","templated":true}]}}